{"id":39,"date":"2016-02-09T20:59:55","date_gmt":"2016-02-09T20:59:55","guid":{"rendered":"http:\/\/www.linkdetalentos.com.ar\/?page_id=39"},"modified":"2019-10-22T23:46:59","modified_gmt":"2019-10-22T23:46:59","slug":"servicios-2","status":"publish","type":"page","link":"http:\/\/www.linkdetalentos.com.ar\/?page_id=39","title":{"rendered":"Servicios para Empresas"},"content":{"rendered":"<body><div id=\"pl-39\" class=\"panel-layout\">\n<div id=\"pg-39-0\" class=\"panel-grid panel-no-style\">\n<div id=\"pgc-39-0-0\" class=\"panel-grid-cell\"><div id=\"panel-39-0-0-0\" class=\"so-panel widget widget_black-studio-tinymce widget_black_studio_tinymce panel-first-child panel-last-child\" data-index=\"0\"><div class=\"panel-widget-style panel-widget-style-for-39-0-0-0\">\n<h3 class=\"widget-title\">SELECCI\u00d3N DE TALENTOS<\/h3>\n<div class=\"textwidget\">\n<p>Nuestra metodolog\u00eda de trabajo tiene como objetivo la selecci\u00f3n del postulante m\u00e1s apto para cubrir un determinado puesto laboral.<br> Para ello desplegamos diferentes estrategias de b\u00fasqueda para dar con el perfil adecuado que represente el negocio y estilo de nuestro cliente.<br> A trav\u00e9s de nuestro servicio buscamos optimizar la perfomance comercial y operativa de la empresa, con un resultado medible para el cliente en t\u00e9rminos de su propia ecuaci\u00f3n costo-beneficio-tiempo.<\/p>\n<hr>\n<p style=\"text-align: center;\"><strong>Perfiles Gerenciales<\/strong><\/p>\n<hr>\n<p style=\"text-align: center;\"><strong>Perfiles Profesionales<\/strong><\/p>\n<hr>\n<p style=\"text-align: center;\"><strong>Perfiles Operativos<\/strong><\/p>\n<\/div>\n<\/div><\/div><\/div>\n<div id=\"pgc-39-0-1\" class=\"panel-grid-cell\">\n<div id=\"panel-39-0-1-0\" class=\"so-panel widget widget_black-studio-tinymce widget_black_studio_tinymce panel-first-child\" data-index=\"1\"><div class=\"panel-widget-style panel-widget-style-for-39-0-1-0\">\n<h3 class=\"widget-title\">EVALUACIONES PSICOTECNICAS, presenciales y por skype<\/h3>\n<div class=\"textwidget\">\n<p>Buscamos conocer tanto el perfil psicol\u00f3gico del postulante como su adecuaci\u00f3n al perfil del puesto y a la cultura organizacional del cliente.<\/p>\n<hr>\n<p><strong>Utilizamos tanto t\u00e9cnicas proyectivas como psicom\u00e9tricas:<\/strong> Test de Rorschach, Test de Zulliger, Test TRO, Test Desiderativo, Gr\u00e1ficos, Bender, Test de Inteligencia, IPV, TIB, 16-PF, MBTI, Entrevistas por Competencias, Test de los colores, Thurstone y An\u00e1lisis del discurso de Elliot Jaques, Test de Raven, Test de Toulouse\u00a0etc.<\/p>\n<\/div>\n<\/div><\/div>\n<div id=\"panel-39-0-1-1\" class=\"so-panel widget widget_black-studio-tinymce widget_black_studio_tinymce panel-last-child\" data-index=\"2\"><div class=\"panel-widget-style panel-widget-style-for-39-0-1-1\">\n<h3 class=\"widget-title\">ASSESSMENT CENTER<\/h3>\n<div class=\"textwidget\">\n<p><strong>Procesos de evaluaci\u00f3n masivos.<\/strong><\/p>\n<\/div>\n<\/div><\/div>\n<\/div>\n<div id=\"pgc-39-0-2\" class=\"panel-grid-cell\"><div id=\"panel-39-0-2-0\" class=\"so-panel widget widget_black-studio-tinymce widget_black_studio_tinymce panel-first-child panel-last-child\" data-index=\"3\"><div class=\"panel-widget-style panel-widget-style-for-39-0-2-0\">\n<h3 class=\"widget-title\">PROGRAMA DE ALTOS POTENCIALES<\/h3>\n<div class=\"textwidget\">\n<p><strong>Ante la necesidad de dotar de talento a un \u00e1rea espec\u00edfica de la empresa, lideramos procesos de selecci\u00f3n y evaluaci\u00f3n de personal siguiendo los requerimientos de potencial que la empresa necesite para sus estructuras.<\/strong><\/p>\n<hr>\n<p>Mediante actividades grupales e individuales, y combinando t\u00e9cnicas de investigaci\u00f3n psicol\u00f3gica con nuestro expertise consultivo en materia de estructuras organizativas, estamos en condiciones de informar y asesorar a RR.HH. respecto a las fortalezas y oportunidades que cada eventual candidato podr\u00eda ofrecerle a la empresa, encontrando, al mismo tiempo, un \u00e1mbito de desarrollo profesional en l\u00ednea con sus preferencias y capacidades.<\/p>\n<\/div>\n<\/div><\/div><\/div>\n<\/div>\n<div id=\"pg-39-1\" class=\"panel-grid panel-has-style\"><div class=\"panel-row-style panel-row-style-for-39-1\">\n<div id=\"pgc-39-1-0\" class=\"panel-grid-cell\"><div id=\"panel-39-1-0-0\" class=\"so-panel widget widget_black-studio-tinymce widget_black_studio_tinymce panel-first-child panel-last-child\" data-index=\"4\"><div class=\"panel-widget-style panel-widget-style-for-39-1-0-0\">\n<h3 class=\"widget-title\">EVALUACIONES DE POTENCIAL<\/h3>\n<div class=\"textwidget\">\n<p>A traves de la T\u00e9cnica de Elliot Jaques de an\u00e1lisis del discurso y en combinaci\u00f3n con t\u00e9cnicas de investigaci\u00f3n psicol\u00f3gica, <strong>respondemos la pregunta respecto a la capacidad actual y potencial del candidato,<\/strong> integrando adem\u00e1s informaci\u00f3n sobre la estructura organizativa de la empresa y sus necesidades de negocio.<\/p>\n<\/div>\n<\/div><\/div><\/div>\n<div id=\"pgc-39-1-1\" class=\"panel-grid-cell\"><div id=\"panel-39-1-1-0\" class=\"so-panel widget widget_black-studio-tinymce widget_black_studio_tinymce panel-first-child panel-last-child\" data-index=\"5\"><div class=\"panel-widget-style panel-widget-style-for-39-1-1-0\"><div class=\"textwidget\">\n<p>Nuestros informes no solo apuntan a detallar las caracter\u00edsticas individuales del candidato o empleado evaluado, si no que tambi\u00e9n permiten comprender el tipo de posiciones que el \u00e1rea posee, las oportunidades de desarrollo que los empleados tienen y tendr\u00e1n en el futuro y cu\u00e1les ser\u00edan los eventuales cambios en la estructura de puestos para acompa\u00f1ar tanto las metas del negocio como las capacidades de sus recursos.<\/p>\n<\/div><\/div><\/div><\/div>\n<div id=\"pgc-39-1-2\" class=\"panel-grid-cell\"><div id=\"panel-39-1-2-0\" class=\"so-panel widget widget_black-studio-tinymce widget_black_studio_tinymce panel-first-child panel-last-child\" data-index=\"6\"><div class=\"panel-widget-style panel-widget-style-for-39-1-2-0\"><div class=\"textwidget\">\n<p>Adem\u00e1s, identificamos sugerencias para el desarrollo del equipo tanto mediante recursos y acciones que la empresa misma puede instrumentar mediante sus \u00e1reas de Capacitaci\u00f3n y Desarrollo, como tambi\u00e9n mediante su acompa\u00f1amiento con servicios de capacitaci\u00f3n y coaching generados especialmente para cada caso, por parte de nuestros especialistas.<\/p>\n<\/div><\/div><\/div><\/div>\n<\/div><\/div>\n<div id=\"pg-39-2\" class=\"panel-grid panel-no-style\">\n<div id=\"pgc-39-2-0\" class=\"panel-grid-cell\">\n<div id=\"panel-39-2-0-0\" class=\"so-panel widget widget_black-studio-tinymce widget_black_studio_tinymce panel-first-child\" data-index=\"7\"><div class=\"panel-widget-style panel-widget-style-for-39-2-0-0\">\n<h3 class=\"widget-title\">PROGRAMAS DE J\u00d3VENES PROFESIONALES <\/h3>\n<div class=\"textwidget\">\n<p>Este programa nos permite seleccionar y desarrollar J\u00f3venes Profesionales de Alto Potencial, que puedan asumir responsabilidades crecientes en el futuro, <strong>contribuyendo a optimizar el desarrollo estrat\u00e9gico de los negocios de la Empresa.<\/strong><\/p>\n<\/div>\n<\/div><\/div>\n<div id=\"panel-39-2-0-1\" class=\"so-panel widget widget_black-studio-tinymce widget_black_studio_tinymce panel-last-child\" data-index=\"8\"><div class=\"panel-widget-style panel-widget-style-for-39-2-0-1\">\n<h3 class=\"widget-title\">COACHING<\/h3>\n<div class=\"textwidget\">\n<p>El Coaching es un M\u00e9todo de Entrenamiento que, mediante un proceso sistematizado, \u00a0permite comprender que hay detr\u00e1s de las habilidades\/competencias y comportamientos que resultan poco efectivos.<\/p>\n<p>El objetivo es des-aprender este tipo de modalidades, cambiando las creencias por otras que se destaquen y que aumenten la performance general.<\/p>\n<\/div>\n<\/div><\/div>\n<\/div>\n<div id=\"pgc-39-2-1\" class=\"panel-grid-cell\">\n<div id=\"panel-39-2-1-0\" class=\"so-panel widget widget_black-studio-tinymce widget_black_studio_tinymce panel-first-child\" data-index=\"9\"><div class=\"panel-widget-style panel-widget-style-for-39-2-1-0\">\n<h3 class=\"widget-title\">OUTPLACEMENT, Programas de Inserci\u00f3n Laboral<\/h3>\n<div class=\"textwidget\">\n<p>Mediante el programa asistimos al personal desvinculado a insertarse en el mercado laboral ayudando a disminuir los conflictos laborales y mejorar la imagen de la empresa.<\/p>\n<\/div>\n<\/div><\/div>\n<div id=\"panel-39-2-1-1\" class=\"so-panel widget widget_black-studio-tinymce widget_black_studio_tinymce panel-last-child\" data-index=\"10\"><div class=\"panel-widget-style panel-widget-style-for-39-2-1-1\">\n<h3 class=\"widget-title\">CAPACITACIONES<\/h3>\n<div class=\"textwidget\">\n<p>Apostar a la capacitaci\u00f3n es pensar en la sustentabilidad de nuestro Capital Humano, y en consecuencia, de nuestra Empresa a futuro.<\/p>\n<\/div>\n<\/div><\/div>\n<\/div>\n<div id=\"pgc-39-2-2\" class=\"panel-grid-cell\"><div id=\"panel-39-2-2-0\" class=\"so-panel widget widget_black-studio-tinymce widget_black_studio_tinymce panel-first-child panel-last-child\" data-index=\"11\"><div class=\"panel-widget-style panel-widget-style-for-39-2-2-0\"><div class=\"textwidget\">\n<p><span class=\"\" style=\"display:block;clear:both;height: 0px;padding-top: 10px;border-top-width:0px;border-bottom-width:0px;\"><\/span><\/p>\n<h1 style=\"text-align: center;\"><a class=\"button primary-button\" href=\"http:\/\/www.linkdetalentos.com.ar\/?page_id=46\">TRABAJEMOS JUNTOS<br>\n<\/a><\/h1>\n<p style=\"text-align: center;\"><a href=\"http:\/\/www.linkdetalentos.com.ar\/?page_id=46\" rel=\"attachment wp-att-56\"><img decoding=\"async\" data-recalc-dims=\"1\" class=\"alignnone wp-image-56 size-full\" src=\"https:\/\/i0.wp.com\/www.linkdetalentos.com.ar\/wp-content\/uploads\/2016\/02\/icono_web-4.png?resize=150%2C54\" alt=\"icono_web\" width=\"150\" height=\"54\" loading=\"lazy\"><\/a><\/p>\n<\/div><\/div><\/div><\/div>\n<\/div>\n<\/div><\/body>","protected":false},"excerpt":{"rendered":"<p>Nuestra metodolog\u00eda de trabajo tiene como objetivo la selecci\u00f3n del postulante m\u00e1s apto para cubrir un determinado puesto laboral. Para ello desplegamos diferentes estrategias de b\u00fasqueda para dar con el perfil adecuado que represente el negocio y estilo de nuestro cliente. A trav\u00e9s de nuestro servicio buscamos optimizar la perfomance&#8230;<\/p>\n","protected":false},"author":1,"featured_media":0,"parent":42,"menu_order":0,"comment_status":"closed","ping_status":"closed","template":"template-fullwidth.php","meta":{"footnotes":""},"class_list":["post-39","page","type-page","status-publish","hentry"],"jetpack_sharing_enabled":true,"_links":{"self":[{"href":"http:\/\/www.linkdetalentos.com.ar\/index.php?rest_route=\/wp\/v2\/pages\/39"}],"collection":[{"href":"http:\/\/www.linkdetalentos.com.ar\/index.php?rest_route=\/wp\/v2\/pages"}],"about":[{"href":"http:\/\/www.linkdetalentos.com.ar\/index.php?rest_route=\/wp\/v2\/types\/page"}],"author":[{"embeddable":true,"href":"http:\/\/www.linkdetalentos.com.ar\/index.php?rest_route=\/wp\/v2\/users\/1"}],"replies":[{"embeddable":true,"href":"http:\/\/www.linkdetalentos.com.ar\/index.php?rest_route=%2Fwp%2Fv2%2Fcomments&post=39"}],"version-history":[{"count":0,"href":"http:\/\/www.linkdetalentos.com.ar\/index.php?rest_route=\/wp\/v2\/pages\/39\/revisions"}],"up":[{"embeddable":true,"href":"http:\/\/www.linkdetalentos.com.ar\/index.php?rest_route=\/wp\/v2\/pages\/42"}],"wp:attachment":[{"href":"http:\/\/www.linkdetalentos.com.ar\/index.php?rest_route=%2Fwp%2Fv2%2Fmedia&parent=39"}],"curies":[{"name":"wp","href":"https:\/\/api.w.org\/{rel}","templated":true}]}}