{"id":35,"date":"2016-02-09T20:58:15","date_gmt":"2016-02-09T20:58:15","guid":{"rendered":"http:\/\/www.linkdetalentos.com.ar\/?page_id=35"},"modified":"2019-10-22T23:20:11","modified_gmt":"2019-10-22T23:20:11","slug":"servicios","status":"publish","type":"page","link":"http:\/\/www.linkdetalentos.com.ar\/?page_id=35","title":{"rendered":"Training &#038; Desarrollo"},"content":{"rendered":"<body><div id=\"pl-35\" class=\"panel-layout\">\n<div id=\"pg-35-0\" class=\"panel-grid panel-has-style\"><div class=\"panel-row-style panel-row-style-for-35-0\">\n<div id=\"pgc-35-0-0\" class=\"panel-grid-cell\"><div id=\"panel-35-0-0-0\" class=\"so-panel widget widget_black-studio-tinymce widget_black_studio_tinymce panel-first-child panel-last-child\" data-index=\"0\"><div class=\"panel-widget-style panel-widget-style-for-35-0-0-0\">\n<h3 class=\"widget-title\">PARA EMPRESAS O INDIVIDUOS<\/h3>\n<div class=\"textwidget\">\n<p style=\"text-align: left;\"><strong>Evaluamos:<\/strong><\/p>\n<ul>\n<li style=\"text-align: left;\"><strong>\n<p>Evaluaci\u00f3n de desempe\u00f1o<\/p>\n<p><\/p><\/strong><\/li>\n<li style=\"text-align: left;\"><strong>\n<p>Evaluaci\u00f3n 360\u00ba<\/p>\n<p><\/p><\/strong><\/li>\n<li style=\"text-align: left;\"><strong>\n<p>Encuesta de clima Laboral<\/p>\n<p><\/p><\/strong><\/li>\n<li style=\"text-align: left;\"><strong>\n<p>Orientaci\u00f3n vocacional<\/p>\n<p><\/p><\/strong><\/li>\n<\/ul>\n<\/div>\n<\/div><\/div><\/div>\n<div id=\"pgc-35-0-1\" class=\"panel-grid-cell\"><div id=\"panel-35-0-1-0\" class=\"so-panel widget widget_black-studio-tinymce widget_black_studio_tinymce panel-first-child panel-last-child\" data-index=\"1\"><div class=\"panel-widget-style panel-widget-style-for-35-0-1-0\"><div class=\"textwidget\">\n<p style=\"text-align: center;\"><strong><span class=\"\" style=\"display:block;clear:both;height: 0px;padding-top: 20px;border-top-width:0px;border-bottom-width:0px;\"><\/span><\/strong><\/p>\n<p style=\"text-align: left;\"><strong>Entrenamos:<\/strong><\/p>\n<ul>\n<li style=\"text-align: left;\"><strong>\n<p>Liderazgo<\/p>\n<p><\/p><\/strong><\/li>\n<li style=\"text-align: left;\"><strong>\n<p>Negociaci\u00f3n<\/p>\n<p><\/p><\/strong><\/li>\n<li style=\"text-align: left;\"><strong>\n<p>Comunicaci\u00f3n<\/p>\n<p><\/p><\/strong><\/li>\n<li style=\"text-align: left;\"><strong>\n<p>Gesti\u00f3n del tiempo y efectividad personal<\/p>\n<p><\/p><\/strong><\/li>\n<li style=\"text-align: left;\"><strong>\n<p>Motivaci\u00f3n y comunicaci\u00f3n<\/p>\n<p><\/p><\/strong><\/li>\n<\/ul>\n<\/div><\/div><\/div><\/div>\n<div id=\"pgc-35-0-2\" class=\"panel-grid-cell\"><div id=\"panel-35-0-2-0\" class=\"so-panel widget widget_black-studio-tinymce widget_black_studio_tinymce panel-first-child panel-last-child\" data-index=\"2\"><div class=\"panel-widget-style panel-widget-style-for-35-0-2-0\"><div class=\"textwidget\">\n<p style=\"text-align: left;\"><strong><span class=\"\" style=\"display:block;clear:both;height: 0px;padding-top: 20px;border-top-width:0px;border-bottom-width:0px;\"><\/span><\/strong><\/p>\n<p style=\"text-align: left;\"><strong>Desarrollamos:<\/strong><\/p>\n<ul>\n<li style=\"text-align: left;\">\n<p>Gesti\u00f3n y acompa\u00f1amiento de procesos de cambio organizacional<\/p>\n<\/li>\n<li style=\"text-align: left;\">\n<p>Reorientaci\u00f3n laboral<\/p>\n<\/li>\n<li style=\"text-align: left;\">\n<p>Actividades de Integraci\u00f3n: Talleres, Outings y din\u00e1micas de grupos<\/p>\n<\/li>\n<li style=\"text-align: left;\">\n<p>Sesiones individuales de coaching ejecutivo<\/p>\n<\/li>\n<\/ul>\n<\/div><\/div><\/div><\/div>\n<\/div><\/div>\n<div id=\"pg-35-1\" class=\"panel-grid panel-no-style\">\n<div id=\"pgc-35-1-0\" class=\"panel-grid-cell\"><div id=\"panel-35-1-0-0\" class=\"so-panel widget widget_black-studio-tinymce widget_black_studio_tinymce panel-first-child panel-last-child\" data-index=\"3\"><div class=\"panel-widget-style panel-widget-style-for-35-1-0-0\">\n<h3 class=\"widget-title\">SERVICIOS PARA PROFESIONALES DE PSICOLOG\u00cdA Y HR<\/h3>\n<div class=\"textwidget\">\n<p style=\"text-align: center;\"><strong>Evaluaciones Psicot\u00e9cnicas por competencias<\/strong><\/p>\n<hr>\n<p style=\"text-align: center;\"><strong>Evaluaci\u00f3n de Potencial<\/strong><\/p>\n<hr>\n<p style=\"text-align: center;\"><strong>Selecci\u00f3n de talentos por competencias<\/strong><\/p>\n<hr>\n<p style=\"text-align: center;\"><strong>Gesti\u00f3n de la capacitaci\u00f3n en la Empresa<\/strong><\/p>\n<hr>\n<p style=\"text-align: center;\"><strong>Talent review\/Mapeo de talentos<\/strong><\/p>\n<hr>\n<h1 style=\"text-align: center;\"><a class=\"button primary-button\" href=\"http:\/\/www.linkdetalentos.com.ar\/?page_id=39;\">+<br>\nConozca m\u00e1s sobre nuestros servicios<\/a><\/h1>\n<\/div>\n<\/div><\/div><\/div>\n<div id=\"pgc-35-1-1\" class=\"panel-grid-cell\"><div id=\"panel-35-1-1-0\" class=\"so-panel widget widget_black-studio-tinymce widget_black_studio_tinymce panel-first-child panel-last-child\" data-index=\"4\"><div class=\"panel-widget-style panel-widget-style-for-35-1-1-0\"><div class=\"textwidget\">\n<p><span class=\"\" style=\"display:block;clear:both;height: 0px;padding-top: 10px;border-top-width:0px;border-bottom-width:0px;\"><\/span><\/p>\n<h1 style=\"text-align: center;\"><a class=\"button primary-button\" href=\"http:\/\/www.linkdetalentos.com.ar\/?page_id=46\">TRABAJEMOS JUNTOS<br>\n<\/a><\/h1>\n<p style=\"text-align: center;\"><a href=\"http:\/\/www.linkdetalentos.com.ar\/?page_id=46\" rel=\"attachment wp-att-56\"><img decoding=\"async\" data-recalc-dims=\"1\" class=\"alignnone wp-image-56 size-full\" src=\"https:\/\/i0.wp.com\/www.linkdetalentos.com.ar\/wp-content\/uploads\/2016\/02\/icono_web-4.png?resize=150%2C54\" alt=\"icono_web\" width=\"150\" height=\"54\" loading=\"lazy\"><\/a><\/p>\n<\/div><\/div><\/div><\/div>\n<\/div>\n<\/div><\/body>","protected":false},"excerpt":{"rendered":"<p>Evaluamos: Evaluaci\u00f3n de desempe\u00f1o Evaluaci\u00f3n 360\u00ba Encuesta de clima Laboral Orientaci\u00f3n vocacional Entrenamos: Liderazgo Negociaci\u00f3n Comunicaci\u00f3n Gesti\u00f3n del tiempo y efectividad personal Motivaci\u00f3n y comunicaci\u00f3n Desarrollamos:Gesti\u00f3n y acompa\u00f1amiento de procesos de cambio organizacionalReorientaci\u00f3n laboralActividades de Integraci\u00f3n: Talleres, Outings y din\u00e1micas de gruposSesiones individuales de coaching ejecutivo Evaluaciones Psicot\u00e9cnicas por competencias&#8230;<\/p>\n","protected":false},"author":1,"featured_media":0,"parent":42,"menu_order":0,"comment_status":"closed","ping_status":"closed","template":"template-fullwidth.php","meta":{"footnotes":""},"class_list":["post-35","page","type-page","status-publish","hentry"],"jetpack_sharing_enabled":true,"_links":{"self":[{"href":"http:\/\/www.linkdetalentos.com.ar\/index.php?rest_route=\/wp\/v2\/pages\/35"}],"collection":[{"href":"http:\/\/www.linkdetalentos.com.ar\/index.php?rest_route=\/wp\/v2\/pages"}],"about":[{"href":"http:\/\/www.linkdetalentos.com.ar\/index.php?rest_route=\/wp\/v2\/types\/page"}],"author":[{"embeddable":true,"href":"http:\/\/www.linkdetalentos.com.ar\/index.php?rest_route=\/wp\/v2\/users\/1"}],"replies":[{"embeddable":true,"href":"http:\/\/www.linkdetalentos.com.ar\/index.php?rest_route=%2Fwp%2Fv2%2Fcomments&post=35"}],"version-history":[{"count":0,"href":"http:\/\/www.linkdetalentos.com.ar\/index.php?rest_route=\/wp\/v2\/pages\/35\/revisions"}],"up":[{"embeddable":true,"href":"http:\/\/www.linkdetalentos.com.ar\/index.php?rest_route=\/wp\/v2\/pages\/42"}],"wp:attachment":[{"href":"http:\/\/www.linkdetalentos.com.ar\/index.php?rest_route=%2Fwp%2Fv2%2Fmedia&parent=35"}],"curies":[{"name":"wp","href":"https:\/\/api.w.org\/{rel}","templated":true}]}}